{"id":11,"date":"2014-08-26T10:50:55","date_gmt":"2014-08-26T08:50:55","guid":{"rendered":"http:\/\/www.goom-design.ch\/v9\/?page_id=11"},"modified":"2024-05-29T21:50:06","modified_gmt":"2024-05-29T20:50:06","slug":"home","status":"publish","type":"page","link":"https:\/\/www.goom-design.ch\/v9\/","title":{"rendered":"Home"},"content":{"rendered":"<div id='layer_slider_1'  class='avia-layerslider main_color avia-shadow  avia-builder-el-0  el_before_av_two_third  avia-builder-el-first  container_wrap sidebar_right'  style='height: 401px; max-width: 1140px; margin: 0 auto;'  ><\/div><div id='after_layer_slider_1'  class='main_color av_default_container_wrap container_wrap sidebar_right'  ><div class='container av-section-cont-open' ><div class='template-page content  av-content-small alpha units'><div class='post-entry post-entry-type-page post-entry-11'><div class='entry-content-wrapper clearfix'>\n<div  class='flex_column av-er8ur-9a95bc7c5368156a71f51b730b601395 av_two_third  avia-builder-el-1  el_after_av_layerslider  el_before_av_one_third  avia-builder-el-first  first flex_column_div  '     ><p>\n<style type=\"text\/css\" data-created_by=\"avia_inline_auto\" id=\"style-css-av-53sz-f2e6765a8fff72909d30481c3f283d89\">\n#top .av-special-heading.av-53sz-f2e6765a8fff72909d30481c3f283d89{\npadding-bottom:0;\nfont-size:44px;\n}\nbody .av-special-heading.av-53sz-f2e6765a8fff72909d30481c3f283d89 .av-special-heading-tag .heading-char{\nfont-size:25px;\n}\n#top #wrap_all .av-special-heading.av-53sz-f2e6765a8fff72909d30481c3f283d89 .av-special-heading-tag{\nfont-size:44px;\n}\n.av-special-heading.av-53sz-f2e6765a8fff72909d30481c3f283d89 .av-subheading{\nfont-size:15px;\n}\n\n@media only screen and (min-width: 480px) and (max-width: 767px){ \n#top #wrap_all .av-special-heading.av-53sz-f2e6765a8fff72909d30481c3f283d89 .av-special-heading-tag{\nfont-size:0.8em;\n}\n}\n\n@media only screen and (max-width: 479px){ \n#top #wrap_all .av-special-heading.av-53sz-f2e6765a8fff72909d30481c3f283d89 .av-special-heading-tag{\nfont-size:0.8em;\n}\n}\n<\/style>\n<div  class='av-special-heading av-53sz-f2e6765a8fff72909d30481c3f283d89 av-special-heading-h1 blockquote modern-quote  avia-builder-el-2  el_before_av_textblock  avia-builder-el-first  av-inherit-size'><h1 class='av-special-heading-tag '  itemprop=\"headline\"  >Als Webentwickler und Freelancer realisiere ich f\u00fcr Sie Ihren Onlineauftritt.<\/h1><div class=\"special-heading-border\"><div class=\"special-heading-inner-border\"><\/div><\/div><\/div><br \/>\n<section  class='av_textblock_section av-df8zz-65c1f03e1b6161b7ca11a9102e09ed99 '   itemscope=\"itemscope\" itemtype=\"https:\/\/schema.org\/CreativeWork\" ><div class='avia_textblock'  itemprop=\"text\" ><h3>Das Internet entwickelt sich rasend schnell. Webtrends kommen und gehen. Eine Webseite ist ein komplexes Gebilde und verbindet Technologie, Design, Interaktivit\u00e4t und Marketing. Die M\u00f6glichkeiten sind sehr vielf\u00e4ltig und die Entscheidung, welchen Weg man gehen soll, ist nicht immer leicht.<\/h3>\n<h4><strong>Gerne teile ich meine Rezepte mit Ihnen und freue mich auf eine fruchtbare Zusammenarbeit!<\/strong><\/h4>\n<\/div><\/section><\/p><\/div>\n\n<style type=\"text\/css\" data-created_by=\"avia_inline_auto\" id=\"style-css-av-19avf-d8406ae8fac346898bf5c855ad83585a\">\n.flex_column.av-19avf-d8406ae8fac346898bf5c855ad83585a{\nborder-radius:0px 0px 0px 0px;\npadding:0px 0px 0px 0px;\n}\n<\/style>\n<div  class='flex_column av-19avf-d8406ae8fac346898bf5c855ad83585a av_one_third  avia-builder-el-4  el_after_av_two_third  el_before_av_section  avia-builder-el-last  flex_column_div av-zero-column-padding  '     ><p>\n<style type=\"text\/css\" data-created_by=\"avia_inline_auto\" id=\"style-css-av-2fztz-74a4fb49f513c5dc25dcb65f8bf2b512\">\n#top .av-special-heading.av-2fztz-74a4fb49f513c5dc25dcb65f8bf2b512{\npadding-bottom:10px;\n}\nbody .av-special-heading.av-2fztz-74a4fb49f513c5dc25dcb65f8bf2b512 .av-special-heading-tag .heading-char{\nfont-size:25px;\n}\n.av-special-heading.av-2fztz-74a4fb49f513c5dc25dcb65f8bf2b512 .av-subheading{\nfont-size:15px;\n}\n<\/style>\n<div  class='av-special-heading av-2fztz-74a4fb49f513c5dc25dcb65f8bf2b512 av-special-heading-h2  avia-builder-el-5  el_before_av_slideshow  avia-builder-el-first '><h2 class='av-special-heading-tag '  itemprop=\"headline\"  >Portfolio Auszug<\/h2><div class=\"special-heading-border\"><div class=\"special-heading-inner-border\"><\/div><\/div><\/div><br \/>\n<div  class='avia-slideshow av-btqxr-c4500924e3d46bdf4285b38f088dabbf avia-slideshow-portfolio av_slideshow avia-slide-slider  avia-builder-el-6  el_after_av_heading  el_before_av_hr  av-slideshow-ui av-control-default av-slideshow-autoplay av-loop-endless av-loop-manual-endless av-default-height-applied avia-slideshow-1' data-slideshow-options=\"{&quot;animation&quot;:&quot;slide&quot;,&quot;autoplay&quot;:true,&quot;loop_autoplay&quot;:&quot;endless&quot;,&quot;interval&quot;:5,&quot;loop_manual&quot;:&quot;manual-endless&quot;,&quot;autoplay_stopper&quot;:false,&quot;noNavigation&quot;:false,&quot;bg_slider&quot;:false,&quot;keep_padding&quot;:false,&quot;hoverpause&quot;:false,&quot;show_slide_delay&quot;:0}\"  itemprop=\"image\" itemscope=\"itemscope\" itemtype=\"https:\/\/schema.org\/ImageObject\" ><ul class='avia-slideshow-inner ' style='padding-bottom: 80.808080808081%;'><li  class='avia-slideshow-slide av-btqxr-c4500924e3d46bdf4285b38f088dabbf__0  slide-1 slide-odd'><a href=\"https:\/\/www.goom-design.ch\/v9\/wp-content\/uploads\/2024\/05\/portfolio_ridebeyondlimits_thumb.jpg\" data-srcset=\"https:\/\/www.goom-design.ch\/v9\/wp-content\/uploads\/2024\/05\/portfolio_ridebeyondlimits_thumb.jpg 988w, https:\/\/www.goom-design.ch\/v9\/wp-content\/uploads\/2024\/05\/portfolio_ridebeyondlimits_thumb-300x195.jpg 300w, https:\/\/www.goom-design.ch\/v9\/wp-content\/uploads\/2024\/05\/portfolio_ridebeyondlimits_thumb-768x499.jpg 768w, https:\/\/www.goom-design.ch\/v9\/wp-content\/uploads\/2024\/05\/portfolio_ridebeyondlimits_thumb-705x458.jpg 705w\" data-sizes=\"(max-width: 988px) 100vw, 988px\"  data-rel='slideshow-1' class='avia-slide-wrap '   ><img decoding=\"async\" fetchpriority=\"high\" class=\"wp-image-756 avia-img-lazy-loading-not-756\"  src=\"https:\/\/www.goom-design.ch\/v9\/wp-content\/uploads\/2024\/05\/portfolio_ridebeyondlimits_thumb-495x400.jpg\" width=\"495\" height=\"400\" title='portfolio_ridebeyondlimits_thumb' alt=''  itemprop=\"thumbnailUrl\"   \/><\/a><\/li><li  class='avia-slideshow-slide av-btqxr-c4500924e3d46bdf4285b38f088dabbf__1  slide-2 slide-even'><a href=\"https:\/\/www.goom-design.ch\/v9\/wp-content\/uploads\/2018\/01\/portfolio_daszelt18.jpg\" data-srcset=\"https:\/\/www.goom-design.ch\/v9\/wp-content\/uploads\/2018\/01\/portfolio_daszelt18.jpg 988w, https:\/\/www.goom-design.ch\/v9\/wp-content\/uploads\/2018\/01\/portfolio_daszelt18-300x195.jpg 300w, https:\/\/www.goom-design.ch\/v9\/wp-content\/uploads\/2018\/01\/portfolio_daszelt18-768x499.jpg 768w, https:\/\/www.goom-design.ch\/v9\/wp-content\/uploads\/2018\/01\/portfolio_daszelt18-705x458.jpg 705w, https:\/\/www.goom-design.ch\/v9\/wp-content\/uploads\/2018\/01\/portfolio_daszelt18-450x292.jpg 450w\" data-sizes=\"(max-width: 988px) 100vw, 988px\"  data-rel='slideshow-1' class='avia-slide-wrap '   ><img decoding=\"async\" fetchpriority=\"high\" class=\"wp-image-620 avia-img-lazy-loading-not-620\"  src=\"https:\/\/www.goom-design.ch\/v9\/wp-content\/uploads\/2018\/01\/portfolio_daszelt18-495x400.jpg\" width=\"495\" height=\"400\" title='portfolio_daszelt18' alt=''  itemprop=\"thumbnailUrl\"   \/><\/a><\/li><li  class='avia-slideshow-slide av-btqxr-c4500924e3d46bdf4285b38f088dabbf__2  slide-3 slide-odd'><a href=\"https:\/\/www.goom-design.ch\/v9\/wp-content\/uploads\/2024\/05\/portfolio_fsm_thumb.jpg\" data-srcset=\"https:\/\/www.goom-design.ch\/v9\/wp-content\/uploads\/2024\/05\/portfolio_fsm_thumb.jpg 988w, https:\/\/www.goom-design.ch\/v9\/wp-content\/uploads\/2024\/05\/portfolio_fsm_thumb-300x195.jpg 300w, https:\/\/www.goom-design.ch\/v9\/wp-content\/uploads\/2024\/05\/portfolio_fsm_thumb-768x499.jpg 768w, https:\/\/www.goom-design.ch\/v9\/wp-content\/uploads\/2024\/05\/portfolio_fsm_thumb-705x458.jpg 705w\" data-sizes=\"(max-width: 988px) 100vw, 988px\"  data-rel='slideshow-1' class='avia-slide-wrap '   ><img decoding=\"async\" fetchpriority=\"high\" class=\"wp-image-757 avia-img-lazy-loading-not-757\"  src=\"https:\/\/www.goom-design.ch\/v9\/wp-content\/uploads\/2024\/05\/portfolio_fsm_thumb-495x400.jpg\" width=\"495\" height=\"400\" title='portfolio_fsm_thumb' alt=''  itemprop=\"thumbnailUrl\"   \/><\/a><\/li><li  class='avia-slideshow-slide av-btqxr-c4500924e3d46bdf4285b38f088dabbf__3  slide-4 slide-even'><a href=\"https:\/\/www.goom-design.ch\/v9\/wp-content\/uploads\/2020\/07\/portfolio_fotozumbrunn20_thumb.jpg\" data-srcset=\"https:\/\/www.goom-design.ch\/v9\/wp-content\/uploads\/2020\/07\/portfolio_fotozumbrunn20_thumb.jpg 988w, https:\/\/www.goom-design.ch\/v9\/wp-content\/uploads\/2020\/07\/portfolio_fotozumbrunn20_thumb-300x195.jpg 300w, https:\/\/www.goom-design.ch\/v9\/wp-content\/uploads\/2020\/07\/portfolio_fotozumbrunn20_thumb-768x499.jpg 768w, https:\/\/www.goom-design.ch\/v9\/wp-content\/uploads\/2020\/07\/portfolio_fotozumbrunn20_thumb-705x458.jpg 705w\" data-sizes=\"(max-width: 988px) 100vw, 988px\"  data-rel='slideshow-1' class='avia-slide-wrap '   ><img decoding=\"async\" fetchpriority=\"high\" class=\"wp-image-659 avia-img-lazy-loading-not-659\"  src=\"https:\/\/www.goom-design.ch\/v9\/wp-content\/uploads\/2020\/07\/portfolio_fotozumbrunn20_thumb-495x400.jpg\" width=\"495\" height=\"400\" title='portfolio_fotozumbrunn20_thumb' alt=''  itemprop=\"thumbnailUrl\"   \/><\/a><\/li><li  class='avia-slideshow-slide av-btqxr-c4500924e3d46bdf4285b38f088dabbf__4  slide-5 slide-odd'><a href=\"https:\/\/www.goom-design.ch\/v9\/wp-content\/uploads\/2014\/08\/portfolio_claudiabelow_thumb.jpg\" data-srcset=\"https:\/\/www.goom-design.ch\/v9\/wp-content\/uploads\/2014\/08\/portfolio_claudiabelow_thumb.jpg 988w, https:\/\/www.goom-design.ch\/v9\/wp-content\/uploads\/2014\/08\/portfolio_claudiabelow_thumb-300x195.jpg 300w, https:\/\/www.goom-design.ch\/v9\/wp-content\/uploads\/2014\/08\/portfolio_claudiabelow_thumb-768x499.jpg 768w, https:\/\/www.goom-design.ch\/v9\/wp-content\/uploads\/2014\/08\/portfolio_claudiabelow_thumb-705x458.jpg 705w\" data-sizes=\"(max-width: 988px) 100vw, 988px\"  data-rel='slideshow-1' class='avia-slide-wrap '   ><img decoding=\"async\" fetchpriority=\"high\" class=\"wp-image-663 avia-img-lazy-loading-not-663\"  src=\"https:\/\/www.goom-design.ch\/v9\/wp-content\/uploads\/2014\/08\/portfolio_claudiabelow_thumb-495x400.jpg\" width=\"495\" height=\"400\" title='portfolio_claudiabelow_thumb' alt=''  itemprop=\"thumbnailUrl\"   \/><\/a><\/li><\/ul><div class='avia-slideshow-arrows avia-slideshow-controls' ><a href='#prev' class='prev-slide  avia-svg-icon avia-font-svg_entypo-fontello' data-av_svg_icon='left-open-big' data-av_iconset='svg_entypo-fontello' tabindex='-1' title=\"Zur\u00fcck\"><svg version=\"1.1\" xmlns=\"http:\/\/www.w3.org\/2000\/svg\" width=\"15\" height=\"32\" viewBox=\"0 0 15 32\" preserveAspectRatio=\"xMidYMid meet\" aria-labelledby='av-svg-title-1' aria-describedby='av-svg-desc-1' role=\"graphics-symbol\" aria-hidden=\"true\">\n<title id='av-svg-title-1'>Zur\u00fcck<\/title>\n<desc id='av-svg-desc-1'>Zur\u00fcck<\/desc>\n<path d=\"M14.464 27.84q0.832 0.832 0 1.536-0.832 0.832-1.536 0l-12.544-12.608q-0.768-0.768 0-1.6l12.544-12.608q0.704-0.832 1.536 0 0.832 0.704 0 1.536l-11.456 11.904z\"><\/path>\n<\/svg><span class='avia_hidden_link_text'>Zur\u00fcck<\/span><\/a><a href='#next' class='next-slide  avia-svg-icon avia-font-svg_entypo-fontello' data-av_svg_icon='right-open-big' data-av_iconset='svg_entypo-fontello' tabindex='-1' title=\"Weiter\"><svg version=\"1.1\" xmlns=\"http:\/\/www.w3.org\/2000\/svg\" width=\"15\" height=\"32\" viewBox=\"0 0 15 32\" preserveAspectRatio=\"xMidYMid meet\" aria-labelledby='av-svg-title-2' aria-describedby='av-svg-desc-2' role=\"graphics-symbol\" aria-hidden=\"true\">\n<title id='av-svg-title-2'>Weiter<\/title>\n<desc id='av-svg-desc-2'>Weiter<\/desc>\n<path d=\"M0.416 27.84l11.456-11.84-11.456-11.904q-0.832-0.832 0-1.536 0.832-0.832 1.536 0l12.544 12.608q0.768 0.832 0 1.6l-12.544 12.608q-0.704 0.832-1.536 0-0.832-0.704 0-1.536z\"><\/path>\n<\/svg><span class='avia_hidden_link_text'>Weiter<\/span><\/a><\/div><div class='avia-slideshow-dots avia-slideshow-controls'><a href='#1' class='goto-slide active' >1<\/a><a href='#2' class='goto-slide ' >2<\/a><a href='#3' class='goto-slide ' >3<\/a><a href='#4' class='goto-slide ' >4<\/a><a href='#5' class='goto-slide ' >5<\/a><\/div><\/div><br \/>\n\n<style type=\"text\/css\" data-created_by=\"avia_inline_auto\" id=\"style-css-av-8udw3-eb681c62ed7b9f6d2385f064ee47a2ee\">\n#top .hr.hr-invisible.av-8udw3-eb681c62ed7b9f6d2385f064ee47a2ee{\nheight:20px;\n}\n<\/style>\n<div  class='hr av-8udw3-eb681c62ed7b9f6d2385f064ee47a2ee hr-invisible  avia-builder-el-7  el_after_av_slideshow  el_before_av_button '><span class='hr-inner '><span class=\"hr-inner-style\"><\/span><\/span><\/div><br \/>\n<div  class='avia-button-wrap av-szlr-e7bf72b45de3e7a67685070108630830-wrap avia-button-left  avia-builder-el-8  el_after_av_hr  avia-builder-el-last '><a href='https:\/\/www.goom-design.ch\/v9\/portfolio\/'  class='avia-button av-szlr-e7bf72b45de3e7a67685070108630830 av-link-btn avia-icon_select-yes-left-icon avia-size-medium avia-position-left avia-color-theme-color'   aria-label=\" zur Portfolioseite\"><span class='avia_button_icon avia_button_icon_left avia-iconfont avia-font-entypo-fontello' data-av_icon='\ue87d' data-av_iconfont='entypo-fontello' ><\/span><span class='avia_iconbox_title' > zur Portfolioseite<\/span><\/a><\/div><\/p><\/div><\/div><\/div><\/div><!-- close content main div --><\/div><\/div><div id='av_section_1'  class='avia-section av-7l1y3-e6924a36a680091f39c57ae093d2c7ff alternate_color avia-section-default avia-no-shadow  avia-builder-el-9  el_after_av_one_third  avia-builder-el-last  avia-bg-style-scroll container_wrap sidebar_right'  ><div class='container av-section-cont-open' ><div class='template-page content  av-content-small alpha units'><div class='post-entry post-entry-type-page post-entry-11'><div class='entry-content-wrapper clearfix'>\n\n<style type=\"text\/css\" data-created_by=\"avia_inline_auto\" id=\"style-css-av-6s19r-111a7ac980d64cc30ed9b6bb93b676bb\">\n#top .av-special-heading.av-6s19r-111a7ac980d64cc30ed9b6bb93b676bb{\npadding-bottom:10px;\n}\nbody .av-special-heading.av-6s19r-111a7ac980d64cc30ed9b6bb93b676bb .av-special-heading-tag .heading-char{\nfont-size:25px;\n}\n.av-special-heading.av-6s19r-111a7ac980d64cc30ed9b6bb93b676bb .av-subheading{\nfont-size:15px;\n}\n<\/style>\n<div  class='av-special-heading av-6s19r-111a7ac980d64cc30ed9b6bb93b676bb av-special-heading-h1 blockquote modern-quote  avia-builder-el-10  el_before_av_textblock  avia-builder-el-first '><h1 class='av-special-heading-tag '  itemprop=\"headline\"  >Wie kann ich Sie unterst\u00fctzen?<\/h1><div class=\"special-heading-border\"><div class=\"special-heading-inner-border\"><\/div><\/div><\/div>\n<section  class='av_textblock_section av-6f8xj-1fa567c936eeeaf1fcb83ad426ba1840 '   itemscope=\"itemscope\" itemtype=\"https:\/\/schema.org\/CreativeWork\" ><div class='avia_textblock'  itemprop=\"text\" ><h3>Zusammen ist man st\u00e4rker!<\/h3>\n<p>Als Team b\u00fcndeln wir unsere Kr\u00e4fte und holen uns bei Bedarf weitere Spezialisten hinzu um Ihr Webprojekt zum Erfolg zu f\u00fchren. Ich unterst\u00fctze Sie in der Konzeptphase und Ideenfindung und zeige auf, wie diese online umgesetzt werden k\u00f6nnten. Mit viel Erfahrung setze ich Ihr Projekt budgetgerecht um und lege den Grundstein f\u00fcr eine erfolgreiche Suchmaschinenoptimierung.<\/p>\n<h3>Viele Ideen entstehen erst mit dem Betrieb der Website und den damit gemachten Erfahrungen.<\/h3>\n<p>Auch nach erfolgtem Launch der Website begleite ich Ihr Projekt gerne unterst\u00fctzend weiter und erweitere den Auftritt mit neuen Funktionen. Ich warte das eingesetzte Contentmanagement System oder helfe bei Problemen rund um die Inhaltspflege.<\/p>\n<\/div><\/section>\n<div  class='hr av-joyj-dd359b38fd2b745831a15f5d34c24ae2 hr-default  avia-builder-el-12  el_after_av_textblock  el_before_av_one_fourth '><span class='hr-inner '><span class=\"hr-inner-style\"><\/span><\/span><\/div>\n<div  class='flex_column av-565mn-58e71a5d3f3378551018edefd65e2951 av_one_fourth  avia-builder-el-13  el_after_av_hr  el_before_av_one_fourth  first flex_column_div  '     ><article  class='iconbox iconbox_left av-4ev57-47a44c05223704408553da225e3ae3ae  avia-builder-el-14  avia-builder-el-no-sibling '  itemscope=\"itemscope\" itemtype=\"https:\/\/schema.org\/CreativeWork\" ><div class=\"iconbox_content\"><header class=\"entry-content-header\" aria-label=\"Icon: Expertise\"><div class='iconbox_icon heading-color avia-iconfont avia-font-entypo-fontello' data-av_icon='\ue85c' data-av_iconfont='entypo-fontello'  ><\/div><h3 class='iconbox_content_title '  itemprop=\"headline\" >Expertise<\/h3><\/header><div class='iconbox_content_container '  itemprop=\"text\" ><ul>\n<li>mehr aks 20 Jahre Erfahrung in der Webentwicklung<\/li>\n<li>breite Branchenerfahrung<\/li>\n<li>motiviert und neugierig<\/li>\n<\/ul>\n<\/div><\/div><footer class=\"entry-footer\"><\/footer><\/article><\/div>\n<style type=\"text\/css\" data-created_by=\"avia_inline_auto\" id=\"style-css-av-3y5zj-42bfcc3b144ab3ce3b9117ba8a260dc9\">\n.flex_column.av-3y5zj-42bfcc3b144ab3ce3b9117ba8a260dc9{\nborder-radius:0px 0px 0px 0px;\npadding:0px 0px 0px 0px;\n}\n<\/style>\n<div  class='flex_column av-3y5zj-42bfcc3b144ab3ce3b9117ba8a260dc9 av_one_fourth  avia-builder-el-15  el_after_av_one_fourth  el_before_av_one_fourth  flex_column_div av-zero-column-padding  '     ><article  class='iconbox iconbox_left av-axzn-a3d7849f0cff25e89c019ad96200c7b5  avia-builder-el-16  avia-builder-el-no-sibling '  itemscope=\"itemscope\" itemtype=\"https:\/\/schema.org\/CreativeWork\" ><div class=\"iconbox_content\"><header class=\"entry-content-header\" aria-label=\"Icon: Technologien\"><div class='iconbox_icon heading-color avia-iconfont avia-font-entypo-fontello' data-av_icon='\ue857' data-av_iconfont='entypo-fontello'  ><\/div><h3 class='iconbox_content_title '  itemprop=\"headline\" >Technologien<\/h3><\/header><div class='iconbox_content_container '  itemprop=\"text\" ><ul>\n<li>Einsatz von aktuellen Webstandards und Technologien<\/li>\n<li>Wegbereitung f\u00fcr erfolgreiche Suchmaschinenoptimierung<\/li>\n<li>Einfache und intuitive Pflege der Inhalte mittels CMS<\/li>\n<\/ul>\n<\/div><\/div><footer class=\"entry-footer\"><\/footer><\/article><\/div>\n<style type=\"text\/css\" data-created_by=\"avia_inline_auto\" id=\"style-css-av-2n3p3-9b860fb63bb43b1feb0a67452b576a1b\">\n.flex_column.av-2n3p3-9b860fb63bb43b1feb0a67452b576a1b{\nborder-radius:0px 0px 0px 0px;\npadding:0px 0px 0px 0px;\n}\n<\/style>\n<div  class='flex_column av-2n3p3-9b860fb63bb43b1feb0a67452b576a1b av_one_fourth  avia-builder-el-17  el_after_av_one_fourth  el_before_av_one_fourth  flex_column_div av-zero-column-padding  '     ><article  class='iconbox iconbox_left av-1w12z-713b9b60d84fdb69e0e2f00ff8c28a05  avia-builder-el-18  avia-builder-el-no-sibling '  itemscope=\"itemscope\" itemtype=\"https:\/\/schema.org\/CreativeWork\" ><div class=\"iconbox_content\"><header class=\"entry-content-header\" aria-label=\"Icon: Konzept\"><div class='iconbox_icon heading-color avia-iconfont avia-font-entypo-fontello' data-av_icon='\ue841' data-av_iconfont='entypo-fontello'  ><\/div><h3 class='iconbox_content_title '  itemprop=\"headline\" >Konzept<\/h3><\/header><div class='iconbox_content_container '  itemprop=\"text\" ><ul>\n<li>enge Zusammenarbeit mit Ihnen<\/li>\n<li>agiles Entwickeln<\/li>\n<li>kostenbewusste Umsetzung<\/li>\n<li>Projektbegleitung und Betreuung<\/li>\n<\/ul>\n<\/div><\/div><footer class=\"entry-footer\"><\/footer><\/article><\/div>\n<style type=\"text\/css\" data-created_by=\"avia_inline_auto\" id=\"style-css-av-1i5rz-4ddf67716f66ae12aaaa8b8c7692e64e\">\n.flex_column.av-1i5rz-4ddf67716f66ae12aaaa8b8c7692e64e{\nborder-radius:0px 0px 0px 0px;\npadding:0px 0px 0px 0px;\n}\n<\/style>\n<div  class='flex_column av-1i5rz-4ddf67716f66ae12aaaa8b8c7692e64e av_one_fourth  avia-builder-el-19  el_after_av_one_fourth  avia-builder-el-last  flex_column_div av-zero-column-padding  '     ><article  class='iconbox iconbox_left av-zyzr-220882e61b7c212ac3418e97235faf71  avia-builder-el-20  avia-builder-el-no-sibling '  itemscope=\"itemscope\" itemtype=\"https:\/\/schema.org\/CreativeWork\" ><div class=\"iconbox_content\"><header class=\"entry-content-header\" aria-label=\"Icon: Netzwerk\"><div class='iconbox_icon heading-color avia-iconfont avia-font-entypo-fontello' data-av_icon='\ue80b' data-av_iconfont='entypo-fontello'  ><\/div><h3 class='iconbox_content_title '  itemprop=\"headline\" >Netzwerk<\/h3><\/header><div class='iconbox_content_container '  itemprop=\"text\" ><ul>\n<li>Grafik und DTP<\/li>\n<li>Fotografie und Bildbearbeitung<\/li>\n<li>Programmierung<\/li>\n<li>Text und Kommunikation<\/li>\n<li>Musik und Sounddesign<\/li>\n<\/ul>\n<\/div><\/div><footer class=\"entry-footer\"><\/footer><\/article><\/div>\n<\/div><\/div><\/div><!-- close content main div --><\/div><\/div><div id='after_section_1'  class='main_color av_default_container_wrap container_wrap sidebar_right'  ><div class='container av-section-cont-open' ><div class='template-page content  av-content-small alpha units'><div class='post-entry post-entry-type-page post-entry-11'><div class='entry-content-wrapper clearfix'><\/p>\n","protected":false},"excerpt":{"rendered":"","protected":false},"author":2,"featured_media":0,"parent":0,"menu_order":3,"comment_status":"open","ping_status":"closed","template":"","meta":{"footnotes":""},"class_list":["post-11","page","type-page","status-publish","hentry"],"_links":{"self":[{"href":"https:\/\/www.goom-design.ch\/v9\/wp-json\/wp\/v2\/pages\/11","targetHints":{"allow":["GET"]}}],"collection":[{"href":"https:\/\/www.goom-design.ch\/v9\/wp-json\/wp\/v2\/pages"}],"about":[{"href":"https:\/\/www.goom-design.ch\/v9\/wp-json\/wp\/v2\/types\/page"}],"author":[{"embeddable":true,"href":"https:\/\/www.goom-design.ch\/v9\/wp-json\/wp\/v2\/users\/2"}],"replies":[{"embeddable":true,"href":"https:\/\/www.goom-design.ch\/v9\/wp-json\/wp\/v2\/comments?post=11"}],"version-history":[{"count":109,"href":"https:\/\/www.goom-design.ch\/v9\/wp-json\/wp\/v2\/pages\/11\/revisions"}],"predecessor-version":[{"id":792,"href":"https:\/\/www.goom-design.ch\/v9\/wp-json\/wp\/v2\/pages\/11\/revisions\/792"}],"wp:attachment":[{"href":"https:\/\/www.goom-design.ch\/v9\/wp-json\/wp\/v2\/media?parent=11"}],"curies":[{"name":"wp","href":"https:\/\/api.w.org\/{rel}","templated":true}]}}