{"id":21,"date":"2014-08-26T11:35:27","date_gmt":"2014-08-26T09:35:27","guid":{"rendered":"http:\/\/www.goom-design.ch\/v9\/?page_id=21"},"modified":"2022-01-26T21:06:37","modified_gmt":"2022-01-26T20:06:37","slug":"profil","status":"publish","type":"page","link":"https:\/\/www.goom-design.ch\/v9\/profil\/","title":{"rendered":"Profil"},"content":{"rendered":"<div  class='flex_column av-4v1bt-766a7698549faf758bf1a8350e249e8d av_one_third  avia-builder-el-0  el_before_av_two_third  avia-builder-el-first  first flex_column_div  '     ><p>\n<style type=\"text\/css\" data-created_by=\"avia_inline_auto\" id=\"style-css-av-4jac1-332acef026dc4a73173bb22376998d5b\">\n.avia-image-container.av-4jac1-332acef026dc4a73173bb22376998d5b img.avia_image{\nbox-shadow:none;\n}\n.avia-image-container.av-4jac1-332acef026dc4a73173bb22376998d5b .av-image-caption-overlay-center{\ncolor:#ffffff;\n}\n<\/style>\n<div  class='avia-image-container av-4jac1-332acef026dc4a73173bb22376998d5b av-styling- avia_animated_image av-animated-when-visible-95 pop-up avia-align-center  avia-builder-el-1  el_before_av_textblock  avia-builder-el-first '   itemprop=\"image\" itemscope=\"itemscope\" itemtype=\"https:\/\/schema.org\/ImageObject\" ><div class=\"avia-image-container-inner\"><div class=\"avia-image-overlay-wrap\"><img decoding=\"async\" fetchpriority=\"high\" class='wp-image-455 avia-img-lazy-loading-not-455 avia_image ' src=\"https:\/\/www.goom-design.ch\/v9\/wp-content\/uploads\/2015\/05\/ruedi_portrait_quadrat.jpg\" alt='' title='Foto: Claudia Below'  height=\"683\" width=\"683\"  itemprop=\"thumbnailUrl\" srcset=\"https:\/\/www.goom-design.ch\/v9\/wp-content\/uploads\/2015\/05\/ruedi_portrait_quadrat.jpg 683w, https:\/\/www.goom-design.ch\/v9\/wp-content\/uploads\/2015\/05\/ruedi_portrait_quadrat-80x80.jpg 80w, https:\/\/www.goom-design.ch\/v9\/wp-content\/uploads\/2015\/05\/ruedi_portrait_quadrat-300x300.jpg 300w, https:\/\/www.goom-design.ch\/v9\/wp-content\/uploads\/2015\/05\/ruedi_portrait_quadrat-36x36.jpg 36w, https:\/\/www.goom-design.ch\/v9\/wp-content\/uploads\/2015\/05\/ruedi_portrait_quadrat-180x180.jpg 180w, https:\/\/www.goom-design.ch\/v9\/wp-content\/uploads\/2015\/05\/ruedi_portrait_quadrat-120x120.jpg 120w, https:\/\/www.goom-design.ch\/v9\/wp-content\/uploads\/2015\/05\/ruedi_portrait_quadrat-450x450.jpg 450w\" sizes=\"(max-width: 683px) 100vw, 683px\" \/><\/div><\/div><\/div><br \/>\n<section  class='av_textblock_section av-3vcdh-ab0239eb659ef4e50e06803e7a3c2572 '   itemscope=\"itemscope\" itemtype=\"https:\/\/schema.org\/CreativeWork\" ><div class='avia_textblock'  itemprop=\"text\" ><div style=\"font-size: 0.8em;\">Foto: Claudia Below<\/div>\n<\/div><\/section><\/p><\/div>\n\n<style type=\"text\/css\" data-created_by=\"avia_inline_auto\" id=\"style-css-av-37otx-bac397aa59212dab1dda964ba073ef21\">\n.flex_column.av-37otx-bac397aa59212dab1dda964ba073ef21{\nborder-radius:0px 0px 0px 0px;\npadding:0px 0px 0px 0px;\n}\n<\/style>\n<div  class='flex_column av-37otx-bac397aa59212dab1dda964ba073ef21 av_two_third  avia-builder-el-3  el_after_av_one_third  avia-builder-el-last  flex_column_div av-zero-column-padding  '     ><p>\n<style type=\"text\/css\" data-created_by=\"avia_inline_auto\" id=\"style-css-av-9n8l-4ccc9cc93cb85926cb577adb89cbe92a\">\n#top .av-special-heading.av-9n8l-4ccc9cc93cb85926cb577adb89cbe92a{\npadding-bottom:10px;\n}\nbody .av-special-heading.av-9n8l-4ccc9cc93cb85926cb577adb89cbe92a .av-special-heading-tag .heading-char{\nfont-size:25px;\n}\n.av-special-heading.av-9n8l-4ccc9cc93cb85926cb577adb89cbe92a .av-subheading{\nfont-size:15px;\n}\n<\/style>\n<div  class='av-special-heading av-9n8l-4ccc9cc93cb85926cb577adb89cbe92a av-special-heading-h1  avia-builder-el-4  el_before_av_textblock  avia-builder-el-first '><h1 class='av-special-heading-tag '  itemprop=\"headline\"  >Ruedi Hugentobler<\/h1><div class=\"special-heading-border\"><div class=\"special-heading-inner-border\"><\/div><\/div><\/div><br \/>\n<section  class='av_textblock_section av-208xx-da79b5c1c9ae0e823dfaa087e50790f5 '   itemscope=\"itemscope\" itemtype=\"https:\/\/schema.org\/CreativeWork\" ><div class='avia_textblock'  itemprop=\"text\" ><h4>Mit meiner konzeptionellen St\u00e4rke finde ich f\u00fcr Sie innovative L\u00f6sungsans\u00e4tze. Durch langj\u00e4hrige Programmiererfahrung sowie fundiertes Know-how in aktuellen Internet und Multimedia-Technologien,\u00a0 setze ich Ihr Projekt grafisch ansprechend und benutzergerecht um.<\/h4>\n<p>In enger Zusammenarbeit mit Ihnen entstehen so praxisgerechte und zukunftsorientierte Internetauftritte.<\/p>\n<\/div><\/section><br \/>\n\n<style type=\"text\/css\" data-created_by=\"avia_inline_auto\" id=\"style-css-av-1htz9-c40f5c9777a036676642a57d0acba48d\">\n#top .hr.hr-invisible.av-1htz9-c40f5c9777a036676642a57d0acba48d{\nheight:50px;\n}\n<\/style>\n<div  class='hr av-1htz9-c40f5c9777a036676642a57d0acba48d hr-invisible  avia-builder-el-6  el_after_av_textblock  el_before_av_button '><span class='hr-inner '><span class=\"hr-inner-style\"><\/span><\/span><\/div><br \/>\n<div  class='avia-button-wrap av-utfh-967c5d076e23a57173700cd168f54846-wrap avia-button-left  avia-builder-el-7  el_after_av_hr  avia-builder-el-last '><a href='https:\/\/www.goom-design.ch\/v9\/profil\/arbeitsweise_umsetzung\/'  class='avia-button av-utfh-967c5d076e23a57173700cd168f54846 av-link-btn avia-icon_select-yes-left-icon avia-size-medium avia-position-left avia-color-theme-color'   aria-label=\"Arbeitsweise und Umsetzung\"><span class='avia_button_icon avia_button_icon_left avia-iconfont avia-font-entypo-fontello' data-av_icon='\ue87d' data-av_iconfont='entypo-fontello' ><\/span><span class='avia_iconbox_title' >Arbeitsweise und Umsetzung<\/span><\/a><\/div><\/p><\/div>\n","protected":false},"excerpt":{"rendered":"","protected":false},"author":2,"featured_media":0,"parent":0,"menu_order":4,"comment_status":"closed","ping_status":"closed","template":"","meta":{"footnotes":""},"class_list":["post-21","page","type-page","status-publish","hentry"],"_links":{"self":[{"href":"https:\/\/www.goom-design.ch\/v9\/wp-json\/wp\/v2\/pages\/21","targetHints":{"allow":["GET"]}}],"collection":[{"href":"https:\/\/www.goom-design.ch\/v9\/wp-json\/wp\/v2\/pages"}],"about":[{"href":"https:\/\/www.goom-design.ch\/v9\/wp-json\/wp\/v2\/types\/page"}],"author":[{"embeddable":true,"href":"https:\/\/www.goom-design.ch\/v9\/wp-json\/wp\/v2\/users\/2"}],"replies":[{"embeddable":true,"href":"https:\/\/www.goom-design.ch\/v9\/wp-json\/wp\/v2\/comments?post=21"}],"version-history":[{"count":39,"href":"https:\/\/www.goom-design.ch\/v9\/wp-json\/wp\/v2\/pages\/21\/revisions"}],"predecessor-version":[{"id":725,"href":"https:\/\/www.goom-design.ch\/v9\/wp-json\/wp\/v2\/pages\/21\/revisions\/725"}],"wp:attachment":[{"href":"https:\/\/www.goom-design.ch\/v9\/wp-json\/wp\/v2\/media?parent=21"}],"curies":[{"name":"wp","href":"https:\/\/api.w.org\/{rel}","templated":true}]}}