{"id":26,"date":"2014-08-26T11:37:39","date_gmt":"2014-08-26T09:37:39","guid":{"rendered":"http:\/\/www.goom-design.ch\/v9\/?page_id=26"},"modified":"2015-10-19T22:55:05","modified_gmt":"2015-10-19T20:55:05","slug":"arbeitsweise_umsetzung","status":"publish","type":"page","link":"https:\/\/www.goom-design.ch\/v9\/profil\/arbeitsweise_umsetzung\/","title":{"rendered":"Arbeitsweise und Umsetzung"},"content":{"rendered":"<div  class='flex_column av-av_one_full-2a9015ff38129c418a3f2eafba3e9512 av_one_full  avia-builder-el-0  avia-builder-el-no-sibling  first flex_column_div  '     ><p>\n<style type=\"text\/css\" data-created_by=\"avia_inline_auto\" id=\"style-css-av-av_heading-97c749f6a2af271f2ca07075814252c0\">\n#top .av-special-heading.av-av_heading-97c749f6a2af271f2ca07075814252c0{\npadding-bottom:10px;\n}\nbody .av-special-heading.av-av_heading-97c749f6a2af271f2ca07075814252c0 .av-special-heading-tag .heading-char{\nfont-size:25px;\n}\n.av-special-heading.av-av_heading-97c749f6a2af271f2ca07075814252c0 .av-subheading{\nfont-size:15px;\n}\n<\/style>\n<div  class='av-special-heading av-av_heading-97c749f6a2af271f2ca07075814252c0 av-special-heading-h1  avia-builder-el-1  el_before_av_textblock  avia-builder-el-first '><h1 class='av-special-heading-tag '  itemprop=\"headline\"  >Arbeitsweise und Umsetzung<\/h1><div class=\"special-heading-border\"><div class=\"special-heading-inner-border\"><\/div><\/div><\/div><br \/>\n<section  class='av_textblock_section av-av_textblock-0366cc7376be6c9e82a3e9cc8987b64f '   itemscope=\"itemscope\" itemtype=\"https:\/\/schema.org\/CreativeWork\" ><div class='avia_textblock'  itemprop=\"text\" ><h4>In einem ersten Schritt kl\u00e4ren wir Ihre Bed\u00fcrfnisse und den Umfang des Projekts. Unter Einbezug aktueller Webstandards wird danach ein Webauftritt kreiert, welcher zielgruppenkonform funktioniert.<\/h4>\n<p>Ich setze dabei zwei weit verbreitete Contentmanagement-Systeme ein, welche eine anschliessende komfortable Pflege durch Sie erm\u00f6glichen. Die Popularit\u00e4t dieser Systeme stellt sicher, dass die Plattformen aktuell bleiben und auch von einer grossen Community weiterentwickelt werden. Dies gibt Ihnen die Sicherheit, auch nach Abgabe des Projektes und ohne weitere Betreuung durch mich ein Produkt zu verwenden, welches in anderen H\u00e4nden schnell wieder verstanden und erweitert werden kann. Die Beschr\u00e4nkung auf wenige Systeme erm\u00f6glicht es mir, diese besser zu verstehen und deren Vielseitigkeit gezielter zu nutzen.<\/p>\n<p>Ein Internetjahr dauert ca. drei Monate. So ist es wichtig auf der H\u00f6he der Zeit zu bleiben. Viele Trends bilden sich schnell und haben Einfluss auf das Verhalten im Web.<\/p>\n<\/div><\/section><br \/>\n\n<style type=\"text\/css\" data-created_by=\"avia_inline_auto\" id=\"style-css-av-av_hr-0688d0b0b6ed2f8b057db7a8270206df\">\n#top .hr.hr-invisible.av-av_hr-0688d0b0b6ed2f8b057db7a8270206df{\nheight:50px;\n}\n<\/style>\n<div  class='hr av-av_hr-0688d0b0b6ed2f8b057db7a8270206df hr-invisible  avia-builder-el-3  el_after_av_textblock  el_before_av_button '><span class='hr-inner '><span class=\"hr-inner-style\"><\/span><\/span><\/div><br \/>\n<div  class='avia-button-wrap av-av_button-d25f358e7f426463fcb45fe30d37b158-wrap avia-button-left  avia-builder-el-4  el_after_av_hr  avia-builder-el-last '><a href='https:\/\/www.goom-design.ch\/v9\/profil\/screendesign-und-bildwelt\/'  class='avia-button av-av_button-d25f358e7f426463fcb45fe30d37b158 av-link-btn avia-icon_select-yes-left-icon avia-size-medium avia-position-left avia-color-theme-color'   aria-label=\"Screendesign und Bildwelt\"><span class='avia_button_icon avia_button_icon_left avia-iconfont avia-font-entypo-fontello' data-av_icon='\ue87d' data-av_iconfont='entypo-fontello' ><\/span><span class='avia_iconbox_title' >Screendesign und Bildwelt<\/span><\/a><\/div><\/p><\/div>\n","protected":false},"excerpt":{"rendered":"","protected":false},"author":2,"featured_media":0,"parent":21,"menu_order":5,"comment_status":"closed","ping_status":"closed","template":"","meta":{"footnotes":""},"class_list":["post-26","page","type-page","status-publish","hentry"],"_links":{"self":[{"href":"https:\/\/www.goom-design.ch\/v9\/wp-json\/wp\/v2\/pages\/26","targetHints":{"allow":["GET"]}}],"collection":[{"href":"https:\/\/www.goom-design.ch\/v9\/wp-json\/wp\/v2\/pages"}],"about":[{"href":"https:\/\/www.goom-design.ch\/v9\/wp-json\/wp\/v2\/types\/page"}],"author":[{"embeddable":true,"href":"https:\/\/www.goom-design.ch\/v9\/wp-json\/wp\/v2\/users\/2"}],"replies":[{"embeddable":true,"href":"https:\/\/www.goom-design.ch\/v9\/wp-json\/wp\/v2\/comments?post=26"}],"version-history":[{"count":36,"href":"https:\/\/www.goom-design.ch\/v9\/wp-json\/wp\/v2\/pages\/26\/revisions"}],"predecessor-version":[{"id":571,"href":"https:\/\/www.goom-design.ch\/v9\/wp-json\/wp\/v2\/pages\/26\/revisions\/571"}],"up":[{"embeddable":true,"href":"https:\/\/www.goom-design.ch\/v9\/wp-json\/wp\/v2\/pages\/21"}],"wp:attachment":[{"href":"https:\/\/www.goom-design.ch\/v9\/wp-json\/wp\/v2\/media?parent=26"}],"curies":[{"name":"wp","href":"https:\/\/api.w.org\/{rel}","templated":true}]}}