{"id":45,"date":"2014-08-26T11:52:14","date_gmt":"2014-08-26T09:52:14","guid":{"rendered":"http:\/\/www.goom-design.ch\/v9\/?page_id=45"},"modified":"2026-03-01T20:35:39","modified_gmt":"2026-03-01T19:35:39","slug":"technologie","status":"publish","type":"page","link":"https:\/\/www.goom-design.ch\/v9\/profil\/technologie\/","title":{"rendered":"Technologie"},"content":{"rendered":"<div  class='flex_column av-e0fl-7e0904dbfae267e3c5be5f33cd64b16a av_one_full  avia-builder-el-0  avia-builder-el-no-sibling  first flex_column_div  '     ><p>\n<style type=\"text\/css\" data-created_by=\"avia_inline_auto\" id=\"style-css-av-31uid-dd5f87e63374dfedf61160bd0f0577b1\">\n#top .av-special-heading.av-31uid-dd5f87e63374dfedf61160bd0f0577b1{\npadding-bottom:10px;\n}\nbody .av-special-heading.av-31uid-dd5f87e63374dfedf61160bd0f0577b1 .av-special-heading-tag .heading-char{\nfont-size:25px;\n}\n.av-special-heading.av-31uid-dd5f87e63374dfedf61160bd0f0577b1 .av-subheading{\nfont-size:15px;\n}\n<\/style>\n<div  class='av-special-heading av-31uid-dd5f87e63374dfedf61160bd0f0577b1 av-special-heading-h1  avia-builder-el-1  el_before_av_textblock  avia-builder-el-first '><h1 class='av-special-heading-tag '  itemprop=\"headline\"  >Technologie<\/h1><div class=\"special-heading-border\"><div class=\"special-heading-inner-border\"><\/div><\/div><\/div><br \/>\n<section  class='av_textblock_section av-2qadt-69944b3519d812fe144dede55474fbae '   itemscope=\"itemscope\" itemtype=\"https:\/\/schema.org\/CreativeWork\" ><div class='avia_textblock'  itemprop=\"text\" ><h4>Technologie sollte nie einfach zu deren Selbstzweck eingesetzt werden. Ich zeige auf, wie aktuelle Trends projektunterst\u00fctzend eingesetzt werden k\u00f6nnen, um dem Auftritt \u201edas gewisse Etwas\u201c zu verleihen und die Benutzererfahrung positiv zu beeinflussen. Vieles ist jedoch gar nicht offensichtlich und unterst\u00fctzt die Benutzerf\u00fchrung im Hintergrund.<\/h4>\n<p>Auch spielt die Plattform Ihrer Online-Pr\u00e4senz eine entscheidende Rolle. Wir haben grunds\u00e4tzlich die M\u00f6glichkeit eine statische Website aufzubauen oder ein Content-Management System (CMS) einzusetzen. Die Entscheidung welchen Weg wir gehen, ist abh\u00e4ngig vom Umfang des Auftrittes, der Art der Inhaltsdarstellung und der anschliessenden Pflege.<\/p>\n<\/div><\/section><br \/>\n<section  class='av_textblock_section av-2c54h-c183cdec6c208b024b14ee11ab0424f2 '   itemscope=\"itemscope\" itemtype=\"https:\/\/schema.org\/CreativeWork\" ><div class='avia_textblock'  itemprop=\"text\" ><p>Folgende Technologien (Auszug) werden von mir in Projekten regelm\u00e4ssig eingesetzt:<\/p>\n<h4>Programmierung \/ Entwicklung:<\/h4>\n<p>&#8211; <strong>PHP \/ MySQL \/ Laravel<\/strong> (Serverseitige Programmierung und Datenbankanbindung)<br \/>\n&#8211; <strong>JSON<\/strong> (f\u00fcr das Strukturieren von Daten und f\u00fcr den Datenaustausch)<br \/>\n&#8211; <strong>Javascript<\/strong> \/ <strong>Vue.js<\/strong> (f\u00fcr zeitgem\u00e4sse Frontend-Benutzerf\u00fchrung)<br \/>\n&#8211; Best Practices in Bezug auf <strong>HTML \/ CSS<\/strong> Umsetzung.<\/p>\n<h4>Content Management Systeme:<\/h4>\n<p>&#8211; <strong>Typo3<\/strong><br \/>\n&#8211; <strong>WordPress<\/strong><\/p>\n<\/div><\/section><br \/>\n\n<style type=\"text\/css\" data-created_by=\"avia_inline_auto\" id=\"style-css-av-1fgqh-30c3d52f5becfebb6c5e4bf8ba9ccadd\">\n#top .hr.hr-invisible.av-1fgqh-30c3d52f5becfebb6c5e4bf8ba9ccadd{\nheight:50px;\n}\n<\/style>\n<div  class='hr av-1fgqh-30c3d52f5becfebb6c5e4bf8ba9ccadd hr-invisible  avia-builder-el-4  el_after_av_textblock  el_before_av_button '><span class='hr-inner '><span class=\"hr-inner-style\"><\/span><\/span><\/div><br \/>\n<div  class='avia-button-wrap av-v261-163be1ecdac3277a6709158c84583637-wrap avia-button-left  avia-builder-el-5  el_after_av_hr  avia-builder-el-last '><a href='https:\/\/www.goom-design.ch\/v9\/profil\/kosten\/'  class='avia-button av-v261-163be1ecdac3277a6709158c84583637 av-link-btn avia-icon_select-yes-left-icon avia-size-medium avia-position-left avia-color-theme-color'   aria-label=\"Kosten\"><span class='avia_button_icon avia_button_icon_left avia-iconfont avia-font-entypo-fontello' data-av_icon='\ue87d' data-av_iconfont='entypo-fontello' ><\/span><span class='avia_iconbox_title' >Kosten<\/span><\/a><\/div><\/p><\/div>\n","protected":false},"excerpt":{"rendered":"","protected":false},"author":2,"featured_media":0,"parent":21,"menu_order":8,"comment_status":"closed","ping_status":"closed","template":"","meta":{"footnotes":""},"class_list":["post-45","page","type-page","status-publish","hentry"],"_links":{"self":[{"href":"https:\/\/www.goom-design.ch\/v9\/wp-json\/wp\/v2\/pages\/45","targetHints":{"allow":["GET"]}}],"collection":[{"href":"https:\/\/www.goom-design.ch\/v9\/wp-json\/wp\/v2\/pages"}],"about":[{"href":"https:\/\/www.goom-design.ch\/v9\/wp-json\/wp\/v2\/types\/page"}],"author":[{"embeddable":true,"href":"https:\/\/www.goom-design.ch\/v9\/wp-json\/wp\/v2\/users\/2"}],"replies":[{"embeddable":true,"href":"https:\/\/www.goom-design.ch\/v9\/wp-json\/wp\/v2\/comments?post=45"}],"version-history":[{"count":24,"href":"https:\/\/www.goom-design.ch\/v9\/wp-json\/wp\/v2\/pages\/45\/revisions"}],"predecessor-version":[{"id":812,"href":"https:\/\/www.goom-design.ch\/v9\/wp-json\/wp\/v2\/pages\/45\/revisions\/812"}],"up":[{"embeddable":true,"href":"https:\/\/www.goom-design.ch\/v9\/wp-json\/wp\/v2\/pages\/21"}],"wp:attachment":[{"href":"https:\/\/www.goom-design.ch\/v9\/wp-json\/wp\/v2\/media?parent=45"}],"curies":[{"name":"wp","href":"https:\/\/api.w.org\/{rel}","templated":true}]}}