{"id":49,"date":"2014-08-26T11:54:05","date_gmt":"2014-08-26T09:54:05","guid":{"rendered":"http:\/\/www.goom-design.ch\/v9\/?page_id=49"},"modified":"2026-03-01T20:43:40","modified_gmt":"2026-03-01T19:43:40","slug":"netzwerk","status":"publish","type":"page","link":"https:\/\/www.goom-design.ch\/v9\/profil\/netzwerk\/","title":{"rendered":"Netzwerk"},"content":{"rendered":"<div  class='flex_column av-35qpp-c1998abc12bf57248176909caf0c46bd av_one_full  avia-builder-el-0  avia-builder-el-no-sibling  first flex_column_div  '     ><p>\n<style type=\"text\/css\" data-created_by=\"avia_inline_auto\" id=\"style-css-av-2uqq5-37ae7768aaeea9a98846f61204c953e0\">\n#top .av-special-heading.av-2uqq5-37ae7768aaeea9a98846f61204c953e0{\npadding-bottom:10px;\n}\nbody .av-special-heading.av-2uqq5-37ae7768aaeea9a98846f61204c953e0 .av-special-heading-tag .heading-char{\nfont-size:25px;\n}\n.av-special-heading.av-2uqq5-37ae7768aaeea9a98846f61204c953e0 .av-subheading{\nfont-size:15px;\n}\n<\/style>\n<div  class='av-special-heading av-2uqq5-37ae7768aaeea9a98846f61204c953e0 av-special-heading-h1  avia-builder-el-1  el_before_av_textblock  avia-builder-el-first '><h1 class='av-special-heading-tag '  itemprop=\"headline\"  >Netzwerk<\/h1><div class=\"special-heading-border\"><div class=\"special-heading-inner-border\"><\/div><\/div><\/div><br \/>\n<section  class='av_textblock_section av-7epd-c0412f27c10c4081fef3f2ea23731137 '   itemscope=\"itemscope\" itemtype=\"https:\/\/schema.org\/CreativeWork\" ><div class='avia_textblock'  itemprop=\"text\" ><h4><span class=\"_1vwisb38\" data-testid=\"youchat-text\">Gemeinsam mehr erreichen: Als Solo-Webentwickler bin ich Teil eines starken Netzwerks aus talentierten Spezialisten und kreativen K\u00f6pfen. <\/span><\/h4>\n<p><span class=\"_1vwisb38\" data-testid=\"youchat-text\">F\u00fcr Projekte, die \u00fcber die reine Webentwicklung hinausgehen, arbeite ich mit erfahrenen Partnern zusammen, die gezielt eingebunden werden k\u00f6nnen.<\/span><\/p>\n<p><span class=\"_1vwisb38\" data-testid=\"youchat-text\">In meinem Netzwerk finden sich <strong>Fotografen<\/strong>, die beeindruckende Bilderwelten schaffen, <strong>SEO-Spezialisten<\/strong>, die Ihre Website optimal f\u00fcr Suchmaschinen aufbereiten, sowie <strong>Texter und PR-Profis<\/strong>, die Ihre Botschaft klar und \u00fcberzeugend kommunizieren. Erg\u00e4nzt wird das Team durch <strong>Grafikdesigner<\/strong>, die f\u00fcr einen starken visuellen Auftritt sorgen, und Experten f\u00fcr <strong>Gamification<\/strong> und <strong>3D f\u00fcr Web<\/strong>, um innovative und interaktive Nutzererlebnisse zu realisieren.<\/span><\/p>\n<p><span class=\"_1vwisb38\" data-testid=\"youchat-text\">So entsteht eine Zusammenarbeit, die Ihre Vision in jeder Hinsicht unterst\u00fctzt \u2013 von der Idee bis zur Umsetzung.<\/span><\/p>\n<\/div><\/section><br \/>\n\n<style type=\"text\/css\" data-created_by=\"avia_inline_auto\" id=\"style-css-av-1jn79-a53ae03b5e4e63eb66f820ed3ae30163\">\n#top .hr.hr-invisible.av-1jn79-a53ae03b5e4e63eb66f820ed3ae30163{\nheight:50px;\n}\n<\/style>\n<div  class='hr av-1jn79-a53ae03b5e4e63eb66f820ed3ae30163 hr-invisible  avia-builder-el-3  el_after_av_textblock  el_before_av_button '><span class='hr-inner '><span class=\"hr-inner-style\"><\/span><\/span><\/div><br \/>\n<div  class='avia-button-wrap av-15q4d-da5f90fd4685d337fa9f8c9782369b74-wrap avia-button-left  avia-builder-el-4  el_after_av_hr  avia-builder-el-last '><a href='https:\/\/www.goom-design.ch\/v9\/dienstleistungen\/'  class='avia-button av-15q4d-da5f90fd4685d337fa9f8c9782369b74 av-link-btn avia-icon_select-yes-left-icon avia-size-medium avia-position-left avia-color-theme-color'   aria-label=\"Dienstleistungen\"><span class='avia_button_icon avia_button_icon_left avia-iconfont avia-font-entypo-fontello' data-av_icon='\ue87d' data-av_iconfont='entypo-fontello' ><\/span><span class='avia_iconbox_title' >Dienstleistungen<\/span><\/a><\/div><\/p><\/div>\n","protected":false},"excerpt":{"rendered":"","protected":false},"author":2,"featured_media":0,"parent":21,"menu_order":10,"comment_status":"closed","ping_status":"closed","template":"","meta":{"footnotes":""},"class_list":["post-49","page","type-page","status-publish","hentry"],"_links":{"self":[{"href":"https:\/\/www.goom-design.ch\/v9\/wp-json\/wp\/v2\/pages\/49","targetHints":{"allow":["GET"]}}],"collection":[{"href":"https:\/\/www.goom-design.ch\/v9\/wp-json\/wp\/v2\/pages"}],"about":[{"href":"https:\/\/www.goom-design.ch\/v9\/wp-json\/wp\/v2\/types\/page"}],"author":[{"embeddable":true,"href":"https:\/\/www.goom-design.ch\/v9\/wp-json\/wp\/v2\/users\/2"}],"replies":[{"embeddable":true,"href":"https:\/\/www.goom-design.ch\/v9\/wp-json\/wp\/v2\/comments?post=49"}],"version-history":[{"count":10,"href":"https:\/\/www.goom-design.ch\/v9\/wp-json\/wp\/v2\/pages\/49\/revisions"}],"predecessor-version":[{"id":813,"href":"https:\/\/www.goom-design.ch\/v9\/wp-json\/wp\/v2\/pages\/49\/revisions\/813"}],"up":[{"embeddable":true,"href":"https:\/\/www.goom-design.ch\/v9\/wp-json\/wp\/v2\/pages\/21"}],"wp:attachment":[{"href":"https:\/\/www.goom-design.ch\/v9\/wp-json\/wp\/v2\/media?parent=49"}],"curies":[{"name":"wp","href":"https:\/\/api.w.org\/{rel}","templated":true}]}}